{"id":531,"date":"2021-07-11T09:51:41","date_gmt":"2021-07-11T07:51:41","guid":{"rendered":"http:\/\/www.arde.fr\/?page_id=531"},"modified":"2024-01-18T13:49:03","modified_gmt":"2024-01-18T12:49:03","slug":"l-agence","status":"publish","type":"page","link":"https:\/\/www.arde.fr\/index.php\/l-agence\/","title":{"rendered":"L&rsquo;agence"},"content":{"rendered":"<p>[et_pb_section fb_built=\u00a0\u00bb1&Prime; admin_label=\u00a0\u00bbHeader\u00a0\u00bb _builder_version=\u00a0\u00bb4.16&Prime; background_image=\u00a0\u00bbhttp:\/\/www.arde.fr\/wp-content\/uploads\/2021\/02\/art-gallery-55.jpg\u00a0\u00bb background_size=\u00a0\u00bbinitial\u00a0\u00bb background_repeat=\u00a0\u00bbrepeat\u00a0\u00bb custom_padding=\u00a0\u00bb||3px|||\u00a0\u00bb global_colors_info=\u00a0\u00bb{}\u00a0\u00bb][et_pb_row custom_padding_last_edited=\u00a0\u00bboff|phone\u00a0\u00bb _builder_version=\u00a0\u00bb4.16&Prime; background_position=\u00a0\u00bbbottom_center\u00a0\u00bb custom_padding=\u00a0\u00bb||2px|||\u00a0\u00bb custom_padding_tablet=\u00a0\u00bb17vw||17vw||false\u00a0\u00bb use_custom_width=\u00a0\u00bbon\u00a0\u00bb width_unit=\u00a0\u00bboff\u00a0\u00bb custom_width_percent=\u00a0\u00bb100%\u00a0\u00bb locked=\u00a0\u00bboff\u00a0\u00bb global_colors_info=\u00a0\u00bb{}\u00a0\u00bb][et_pb_column type=\u00a0\u00bb4_4&Prime; _builder_version=\u00a0\u00bb4.16&Prime; custom_padding=\u00a0\u00bb|||\u00a0\u00bb global_colors_info=\u00a0\u00bb{}\u00a0\u00bb custom_padding__hover=\u00a0\u00bb|||\u00a0\u00bb][et_pb_text _builder_version=\u00a0\u00bb4.16&Prime; text_font=\u00a0\u00bbWork Sans||||||||\u00a0\u00bb header_font=\u00a0\u00bb||||||||\u00a0\u00bb header_2_font=\u00a0\u00bbWork Sans|200|||||||\u00a0\u00bb header_2_text_align=\u00a0\u00bbcenter\u00a0\u00bb header_2_font_size=\u00a0\u00bb56px\u00a0\u00bb header_2_line_height=\u00a0\u00bb1.3em\u00a0\u00bb transform_translate_linked=\u00a0\u00bboff\u00a0\u00bb text_orientation=\u00a0\u00bbcenter\u00a0\u00bb max_width=\u00a0\u00bb100%\u00a0\u00bb max_width_tablet=\u00a0\u00bb70%\u00a0\u00bb max_width_last_edited=\u00a0\u00bboff|phone\u00a0\u00bb header_2_font_size_tablet=\u00a0\u00bb40px\u00a0\u00bb header_2_font_size_phone=\u00a0\u00bb26px\u00a0\u00bb header_2_font_size_last_edited=\u00a0\u00bbon|desktop\u00a0\u00bb global_colors_info=\u00a0\u00bb{}\u00a0\u00bb]<\/p>\n<h2>L&rsquo;agence ARDE<\/h2>\n<p>[\/et_pb_text][\/et_pb_column][\/et_pb_row][\/et_pb_section][et_pb_section fb_built=\u00a0\u00bb1&Prime; admin_label=\u00a0\u00bbAbout\u00a0\u00bb _builder_version=\u00a0\u00bb4.16&Prime; background_image=\u00a0\u00bbhttp:\/\/www.arde.fr\/wp-content\/uploads\/2021\/02\/art-gallery-55.jpg\u00a0\u00bb background_size=\u00a0\u00bbinitial\u00a0\u00bb background_repeat=\u00a0\u00bbrepeat\u00a0\u00bb global_colors_info=\u00a0\u00bb{}\u00a0\u00bb][et_pb_row _builder_version=\u00a0\u00bb4.23.4&Prime; _module_preset=\u00a0\u00bbdefault\u00a0\u00bb max_width=\u00a0\u00bb1280px\u00a0\u00bb hover_enabled=\u00a0\u00bb0&Prime; global_colors_info=\u00a0\u00bb{}\u00a0\u00bb sticky_enabled=\u00a0\u00bb0&Prime;][et_pb_column type=\u00a0\u00bb4_4&Prime; _builder_version=\u00a0\u00bb4.16&Prime; _module_preset=\u00a0\u00bbdefault\u00a0\u00bb global_colors_info=\u00a0\u00bb{}\u00a0\u00bb][et_pb_text _builder_version=\u00a0\u00bb4.23.4&Prime; text_font=\u00a0\u00bbWork Sans|300|||||||\u00a0\u00bb header_font=\u00a0\u00bb|700|||||||\u00a0\u00bb header_font_size=\u00a0\u00bb20px\u00a0\u00bb header_line_height=\u00a0\u00bb1.3em\u00a0\u00bb header_3_font=\u00a0\u00bbWork Sans|600|||||||\u00a0\u00bb header_3_text_color=\u00a0\u00bb#05628e\u00a0\u00bb header_3_font_size=\u00a0\u00bb20px\u00a0\u00bb header_3_line_height=\u00a0\u00bb1.3em\u00a0\u00bb background_color=\u00a0\u00bb#ffffff\u00a0\u00bb min_height=\u00a0\u00bb181.8px\u00a0\u00bb custom_margin=\u00a0\u00bb1px||35px|||\u00a0\u00bb custom_margin_tablet=\u00a0\u00bb0px|||\u00a0\u00bb custom_margin_phone=\u00a0\u00bb\u00a0\u00bb custom_margin_last_edited=\u00a0\u00bbon|tablet\u00a0\u00bb custom_padding=\u00a0\u00bb40px|50px|40px|50px|true|true\u00a0\u00bb hover_enabled=\u00a0\u00bb0&Prime; header_font_size_tablet=\u00a0\u00bb\u00a0\u00bb header_font_size_phone=\u00a0\u00bb\u00a0\u00bb header_font_size_last_edited=\u00a0\u00bbon|desktop\u00a0\u00bb box_shadow_style=\u00a0\u00bbpreset3&Prime; box_shadow_horizontal=\u00a0\u00bb-70px\u00a0\u00bb box_shadow_vertical=\u00a0\u00bb70px\u00a0\u00bb box_shadow_blur=\u00a0\u00bb80px\u00a0\u00bb box_shadow_spread=\u00a0\u00bb0px\u00a0\u00bb box_shadow_color=\u00a0\u00bbrgba(67,58,122,0.1)\u00a0\u00bb global_colors_info=\u00a0\u00bb{}\u00a0\u00bb sticky_enabled=\u00a0\u00bb0&Prime;]<\/p>\n<div id=\"lipsum\">\n<p>ARDE est une soci\u00e9t\u00e9 d\u2019architecture cr\u00e9\u00e9e en 2021 par deux amis qui ont trouv\u00e9 une compl\u00e9mentarit\u00e9 dans l\u2019architecture et dans le design.<\/p>\n<p>Nos projets sont n\u00e9s de la fusion entre deux personnalit\u00e9s, celles de Mathieu, architecte HMONP de l&rsquo;ENSA Paris La Villette et de Valentin, architecte d&rsquo;int\u00e9rieur et designer.<\/p>\n<p>Nous tirons notre force de la versatilit\u00e9 de nos commandes qui vont de cr\u00e9ation, la r\u00e9novation ou la r\u00e9habilitation de projets priv\u00e9s, publics ou de conservation du patrimoine architectural fran\u00e7ais.<\/p>\n<p>&nbsp;<\/p>\n<\/div>\n<p>[\/et_pb_text][et_pb_image src=\u00a0\u00bbhttp:\/\/www.arde.fr\/wp-content\/uploads\/2021\/12\/DSA9554NB_Site-1.jpg\u00a0\u00bb alt=\u00a0\u00bbMatthieu MORIT &#8211; Valentin PARIS\u00a0\u00bb title_text=\u00a0\u00bbMatthieu MORIT &#8211; Valentin PARIS\u00a0\u00bb align=\u00a0\u00bbcenter\u00a0\u00bb _builder_version=\u00a0\u00bb4.16&Prime; _module_preset=\u00a0\u00bbdefault\u00a0\u00bb global_colors_info=\u00a0\u00bb{}\u00a0\u00bb][\/et_pb_image][\/et_pb_column][\/et_pb_row][et_pb_row _builder_version=\u00a0\u00bb4.23.4&Prime; max_width=\u00a0\u00bb1280px\u00a0\u00bb custom_margin=\u00a0\u00bb|auto|50px|auto||\u00a0\u00bb custom_padding=\u00a0\u00bb4px||3px|||\u00a0\u00bb hover_enabled=\u00a0\u00bb0&Prime; global_colors_info=\u00a0\u00bb{}\u00a0\u00bb sticky_enabled=\u00a0\u00bb0&Prime;][et_pb_column type=\u00a0\u00bb4_4&Prime; _builder_version=\u00a0\u00bb4.16&Prime; custom_padding=\u00a0\u00bb|||\u00a0\u00bb global_colors_info=\u00a0\u00bb{}\u00a0\u00bb custom_padding__hover=\u00a0\u00bb|||\u00a0\u00bb][et_pb_text _builder_version=\u00a0\u00bb4.23.4&Prime; text_font=\u00a0\u00bbWork Sans|300|||||||\u00a0\u00bb header_font=\u00a0\u00bb|700|||||||\u00a0\u00bb header_font_size=\u00a0\u00bb20px\u00a0\u00bb header_line_height=\u00a0\u00bb1.3em\u00a0\u00bb header_3_font=\u00a0\u00bbWork Sans|600|||||||\u00a0\u00bb header_3_text_color=\u00a0\u00bb#05628e\u00a0\u00bb header_3_font_size=\u00a0\u00bb20px\u00a0\u00bb header_3_line_height=\u00a0\u00bb1.3em\u00a0\u00bb background_color=\u00a0\u00bb#ffffff\u00a0\u00bb min_height=\u00a0\u00bb181.8px\u00a0\u00bb custom_margin=\u00a0\u00bb1px|||||\u00a0\u00bb custom_margin_tablet=\u00a0\u00bb0px|||\u00a0\u00bb custom_margin_phone=\u00a0\u00bb\u00a0\u00bb custom_margin_last_edited=\u00a0\u00bbon|tablet\u00a0\u00bb custom_padding=\u00a0\u00bb40px|50px|40px|50px|true|true\u00a0\u00bb hover_enabled=\u00a0\u00bb0&Prime; header_font_size_tablet=\u00a0\u00bb\u00a0\u00bb header_font_size_phone=\u00a0\u00bb\u00a0\u00bb header_font_size_last_edited=\u00a0\u00bbon|desktop\u00a0\u00bb box_shadow_style=\u00a0\u00bbpreset3&Prime; box_shadow_horizontal=\u00a0\u00bb-70px\u00a0\u00bb box_shadow_vertical=\u00a0\u00bb70px\u00a0\u00bb box_shadow_blur=\u00a0\u00bb80px\u00a0\u00bb box_shadow_spread=\u00a0\u00bb0px\u00a0\u00bb box_shadow_color=\u00a0\u00bbrgba(67,58,122,0.1)\u00a0\u00bb global_colors_info=\u00a0\u00bb{}\u00a0\u00bb sticky_enabled=\u00a0\u00bb0&Prime;]<\/p>\n<div id=\"lipsum\">Notre philosophie est de tenter au maximum de conserver le style de l\u2019existant qui bien souvent nous invite \u00e0 explorer les XVIII et XIX\u00e8me si\u00e8cle pour nous faire des style diff\u00e9rents allant de l\u2019immeuble Haussmannien de l\u2019Ile de France, des HBM du d\u00e9but du si\u00e8cle, des corps de ferme de l\u2019\u00e8re classique ou des pavillons ouvriers de l\u2019apr\u00e8s-guerre.<br \/>Nous cherchons \u00e0 respecter le b\u00e2ti existant soit en totalit\u00e9, soit en r\u00e9habilitation o\u00f9 nous veillons lors d\u2019ajout de pi\u00e8ces ou de modules, \u00e0 limiter les mat\u00e9riaux et les modes constructifs \u00e0 des formes simples pouvant \u00eatre r\u00e9alis\u00e9s par des artisans locaux. Nous travaillons avec le bois, avec le b\u00e9ton et avec le m\u00e9tal et nous nous attachons \u00e0 utiliser des \u00e9l\u00e9ments de la meilleure mani\u00e8re selon le contexte o\u00f9 l\u2019\u00e9difice se trouve.<\/p>\n<p>&nbsp;<\/p>\n<\/div>\n<p>[\/et_pb_text][et_pb_text _builder_version=\u00a0\u00bb4.23.4&Prime; text_font=\u00a0\u00bbWork Sans|300|||||||\u00a0\u00bb header_font=\u00a0\u00bb|700|||||||\u00a0\u00bb header_font_size=\u00a0\u00bb20px\u00a0\u00bb header_line_height=\u00a0\u00bb1.3em\u00a0\u00bb header_3_font=\u00a0\u00bbWork Sans|600|||||||\u00a0\u00bb header_3_text_color=\u00a0\u00bb#05628e\u00a0\u00bb header_3_font_size=\u00a0\u00bb20px\u00a0\u00bb header_3_line_height=\u00a0\u00bb1.3em\u00a0\u00bb background_color=\u00a0\u00bb#ffffff\u00a0\u00bb min_height=\u00a0\u00bb181.8px\u00a0\u00bb custom_margin=\u00a0\u00bb1px|||||\u00a0\u00bb custom_margin_tablet=\u00a0\u00bb0px|||\u00a0\u00bb custom_margin_phone=\u00a0\u00bb\u00a0\u00bb custom_margin_last_edited=\u00a0\u00bbon|tablet\u00a0\u00bb custom_padding=\u00a0\u00bb40px|50px|40px|50px|true|true\u00a0\u00bb hover_enabled=\u00a0\u00bb0&Prime; header_font_size_tablet=\u00a0\u00bb\u00a0\u00bb header_font_size_phone=\u00a0\u00bb\u00a0\u00bb header_font_size_last_edited=\u00a0\u00bbon|desktop\u00a0\u00bb box_shadow_style=\u00a0\u00bbpreset3&Prime; box_shadow_horizontal=\u00a0\u00bb-70px\u00a0\u00bb box_shadow_vertical=\u00a0\u00bb70px\u00a0\u00bb box_shadow_blur=\u00a0\u00bb80px\u00a0\u00bb box_shadow_spread=\u00a0\u00bb0px\u00a0\u00bb box_shadow_color=\u00a0\u00bbrgba(67,58,122,0.1)\u00a0\u00bb global_colors_info=\u00a0\u00bb{}\u00a0\u00bb sticky_enabled=\u00a0\u00bb0&Prime;]<\/p>\n<div id=\"lipsum\">\n<p>Qui sommes nous ?<\/p>\n<p><strong>Mathieu Morit<\/strong><\/p>\n<p><strong>Co-G\u00e9rant<\/strong><\/p>\n<p><strong>Architecte Dipl\u00f4m\u00e9 d&rsquo;Etat &#8211; HMONP<\/strong><\/p>\n<p><strong><em>Ecole Nationale Sup\u00e9rieure Paris La Villette<\/em><\/strong><\/p>\n<p><strong><em>Master Strathclyde University &#8211; BArch &amp; Eng<\/em><\/strong><\/p>\n<p>Mathieu est dipl\u00f4m\u00e9 de l\u2019Ecole Nationale Sup\u00e9rieure d\u2019Architecture de Paris-La Villette et a compl\u00e8t\u00e9 sa formation \u00e0 la Strathclyde University of Glasgow au D\u00e9partement d\u2019ing\u00e9nierie.<\/p>\n<p>Au lendemain de ses \u00e9tudes et apr\u00e8s plusieurs stages en France et au Royaume-Uni, Mathieu est recrut\u00e9 par l\u2019agence Internationale NORR, bas\u00e9e en Ecosse. Il va travailler pr\u00e8s de trois ans \u00e0 Glasgow sur des projets tels que des h\u00f4pitaux, des \u00e9coles mais \u00e9galement quelques concours. Sa position dans la \u201ccreative team\u201d l\u2019a men\u00e9 \u00e0 rencontrer les diff\u00e9rents acteurs de monde de la construction britannique tout en gardant un statut privil\u00e9gi\u00e9 avec les ma\u00eetres d\u2019ouvrage.<\/p>\n<p>Apr\u00e8s avoir pass\u00e9 quatre ann\u00e9es au Royaume-Uni et en Ecosse, Mathieu s\u2019est r\u00e9install\u00e9 en 2018 \u00e0 Paris dans le but de d\u00e9velopper sa propre structure.<\/p>\n<p>Il collabore d\u2019abord pour l\u2019agence Pargade Architecture puis d\u00e9cide d\u2019ouvrir TIME, une \u201cagence d\u2019architecture\u201d qui souhaite bannir toute standardisation de pens\u00e9e et de r\u00e9alisation.<\/p>\n<p>La formation artistique en dessin et peinture qu\u2019il a re\u00e7ue, a forg\u00e9 une philosophie qui d\u00e9sire conjuguer la technique et l\u2019esth\u00e9tique.<\/p>\n<p>Ses travaux se sont orient\u00e9s dans la conception de b\u00e2timents publics, des maisons individuelles ainsi que de nombreux projets de r\u00e9novations et de r\u00e9habilitations.<\/p>\n<p>&nbsp;<\/p>\n<\/div>\n<p>[\/et_pb_text][et_pb_text _builder_version=\u00a0\u00bb4.23.4&Prime; text_font=\u00a0\u00bbWork Sans|300|||||||\u00a0\u00bb header_font=\u00a0\u00bb|700|||||||\u00a0\u00bb header_font_size=\u00a0\u00bb20px\u00a0\u00bb header_line_height=\u00a0\u00bb1.3em\u00a0\u00bb header_3_font=\u00a0\u00bbWork Sans|600|||||||\u00a0\u00bb header_3_text_color=\u00a0\u00bb#05628e\u00a0\u00bb header_3_font_size=\u00a0\u00bb20px\u00a0\u00bb header_3_line_height=\u00a0\u00bb1.3em\u00a0\u00bb background_color=\u00a0\u00bb#ffffff\u00a0\u00bb min_height=\u00a0\u00bb181.8px\u00a0\u00bb custom_margin=\u00a0\u00bb1px|||||\u00a0\u00bb custom_margin_tablet=\u00a0\u00bb0px|||\u00a0\u00bb custom_margin_phone=\u00a0\u00bb\u00a0\u00bb custom_margin_last_edited=\u00a0\u00bbon|tablet\u00a0\u00bb custom_padding=\u00a0\u00bb40px|50px|40px|50px|true|true\u00a0\u00bb hover_enabled=\u00a0\u00bb0&Prime; header_font_size_tablet=\u00a0\u00bb\u00a0\u00bb header_font_size_phone=\u00a0\u00bb\u00a0\u00bb header_font_size_last_edited=\u00a0\u00bbon|desktop\u00a0\u00bb box_shadow_style=\u00a0\u00bbpreset3&Prime; box_shadow_horizontal=\u00a0\u00bb-70px\u00a0\u00bb box_shadow_vertical=\u00a0\u00bb70px\u00a0\u00bb box_shadow_blur=\u00a0\u00bb80px\u00a0\u00bb box_shadow_spread=\u00a0\u00bb0px\u00a0\u00bb box_shadow_color=\u00a0\u00bbrgba(67,58,122,0.1)\u00a0\u00bb global_colors_info=\u00a0\u00bb{}\u00a0\u00bb sticky_enabled=\u00a0\u00bb0&Prime;]<\/p>\n<div id=\"lipsum\">\n<p>Qui sommes nous ?<\/p>\n<h2><\/h2>\n<p><strong>Valentin Paris<\/strong><\/p>\n<p><strong>Co-G\u00e9rant<\/strong><\/p>\n<h4><\/h4>\n<p><strong>Architecte d&rsquo;int\u00e9rieur &#8211; Ma\u00eetre d\u2019oeuvre<\/strong><\/p>\n<p>Valentin a re\u00e7u une formation d\u2019architecte d\u2019int\u00e9rieur et de designer \u00e0 l\u2019Institut Sup\u00e9rieur de Arts Appliqu\u00e9s (LISAA) puis a choisi de continuer son apprentissage de la mati\u00e8re au Centre de Formation d\u2019Ameublement de Paris dans la section \u00e9b\u00e9nisterie.<\/p>\n<p>Il a aussi gagn\u00e9 de l\u2019exp\u00e9rience en tant que Dessinateur Projeteur puis Maitre d\u2019\u0153uvre d\u2019ex\u00e9cution chez Artelia, leader mondial de l\u2019ing\u00e9nierie ind\u00e9pendante.<\/p>\n<p>En 2016, Valentin choisit de se lancer dans l\u2019entreprenariat et de cr\u00e9er la soci\u00e9t\u00e9 d\u2019Architecture d\u2019int\u00e9rieur et Design VALENTIN PARIS SARL, sp\u00e9cialis\u00e9e dans la r\u00e9novation de lieux priv\u00e9s, extensions de maisons individuelles et \u00e9galement dans l\u2019am\u00e9nagement de boutiques, restaurants et bureaux avec des professionnels soucieux de cr\u00e9er des espaces uniques \u00e0 l\u2019image de leurs entreprises.<\/p>\n<p>Valentin a nou\u00e9 des liens professionnels et amicaux avec d\u2019anciens collaborateurs et participe \u00e0 des missions de maitrise d\u2019\u0153uvre en ind\u00e9pendant ou de synth\u00e8ses architecturales pour les soci\u00e9t\u00e9s Artelia, Dumez, ISGPLC, GAREM, TETRIS ou CHANEL.<\/p>\n<p>&nbsp;<\/p>\n<\/div>\n<p>[\/et_pb_text][\/et_pb_column][\/et_pb_row][et_pb_row custom_padding_last_edited=\u00a0\u00bboff|phone\u00a0\u00bb _builder_version=\u00a0\u00bb4.16&Prime; background_position=\u00a0\u00bbbottom_center\u00a0\u00bb custom_padding_tablet=\u00a0\u00bb17vw||17vw||false\u00a0\u00bb use_custom_width=\u00a0\u00bbon\u00a0\u00bb width_unit=\u00a0\u00bboff\u00a0\u00bb custom_width_percent=\u00a0\u00bb100%\u00a0\u00bb locked=\u00a0\u00bboff\u00a0\u00bb global_colors_info=\u00a0\u00bb{}\u00a0\u00bb][et_pb_column type=\u00a0\u00bb4_4&Prime; _builder_version=\u00a0\u00bb4.16&Prime; custom_padding=\u00a0\u00bb|||\u00a0\u00bb global_colors_info=\u00a0\u00bb{}\u00a0\u00bb custom_padding__hover=\u00a0\u00bb|||\u00a0\u00bb][et_pb_text _builder_version=\u00a0\u00bb4.16&Prime; text_font=\u00a0\u00bb||||||||\u00a0\u00bb header_font=\u00a0\u00bb||||||||\u00a0\u00bb header_2_font=\u00a0\u00bbWork Sans|200|||||||\u00a0\u00bb header_2_text_align=\u00a0\u00bbcenter\u00a0\u00bb header_2_font_size=\u00a0\u00bb30px\u00a0\u00bb header_2_line_height=\u00a0\u00bb1.3em\u00a0\u00bb transform_translate_linked=\u00a0\u00bboff\u00a0\u00bb max_width=\u00a0\u00bb100%\u00a0\u00bb max_width_tablet=\u00a0\u00bb70%\u00a0\u00bb max_width_last_edited=\u00a0\u00bboff|phone\u00a0\u00bb header_2_font_size_tablet=\u00a0\u00bb40px\u00a0\u00bb header_2_font_size_phone=\u00a0\u00bb26px\u00a0\u00bb header_2_font_size_last_edited=\u00a0\u00bbon|desktop\u00a0\u00bb global_colors_info=\u00a0\u00bb{}\u00a0\u00bb min_height=\u00a0\u00bb50px\u00a0\u00bb]<\/p>\n<h2>Ils nous ont fait confiance<\/h2>\n<p>[\/et_pb_text][\/et_pb_column][\/et_pb_row][et_pb_row _builder_version=\u00a0\u00bb4.16&Prime; _module_preset=\u00a0\u00bbdefault\u00a0\u00bb global_colors_info=\u00a0\u00bb{}\u00a0\u00bb][et_pb_column type=\u00a0\u00bb4_4&Prime; _builder_version=\u00a0\u00bb4.16&Prime; _module_preset=\u00a0\u00bbdefault\u00a0\u00bb global_colors_info=\u00a0\u00bb{}\u00a0\u00bb][et_pb_gallery gallery_ids=\u00a0\u00bb782,783,784,785,786,787,788,789,792,791,793&Prime; posts_number=\u00a0\u00bb16&Prime; show_title_and_caption=\u00a0\u00bboff\u00a0\u00bb zoom_icon_color=\u00a0\u00bbRGBA(0,0,0,0)\u00a0\u00bb hover_overlay_color=\u00a0\u00bbRGBA(0,0,0,0)\u00a0\u00bb _builder_version=\u00a0\u00bb4.16&Prime; _module_preset=\u00a0\u00bbdefault\u00a0\u00bb min_height=\u00a0\u00bb227.5px\u00a0\u00bb global_colors_info=\u00a0\u00bb{}\u00a0\u00bb][\/et_pb_gallery][\/et_pb_column][\/et_pb_row][\/et_pb_section]<\/p>\n","protected":false},"excerpt":{"rendered":"<p>L&rsquo;agence ARDE ARDE est une soci\u00e9t\u00e9 d\u2019architecture cr\u00e9\u00e9e en 2021 par deux amis qui ont trouv\u00e9 une compl\u00e9mentarit\u00e9 dans l\u2019architecture et dans le design. Nos projets sont n\u00e9s de la fusion entre deux personnalit\u00e9s, celles de Mathieu, architecte HMONP de l&rsquo;ENSA Paris La Villette et de Valentin, architecte d&rsquo;int\u00e9rieur et designer. Nous tirons notre force [&hellip;]<\/p>\n","protected":false},"author":1,"featured_media":0,"parent":0,"menu_order":0,"comment_status":"closed","ping_status":"closed","template":"","meta":{"_et_pb_use_builder":"on","_et_pb_old_content":"","_et_gb_content_width":"","footnotes":""},"class_list":["post-531","page","type-page","status-publish","hentry"],"_links":{"self":[{"href":"https:\/\/www.arde.fr\/index.php\/wp-json\/wp\/v2\/pages\/531","targetHints":{"allow":["GET"]}}],"collection":[{"href":"https:\/\/www.arde.fr\/index.php\/wp-json\/wp\/v2\/pages"}],"about":[{"href":"https:\/\/www.arde.fr\/index.php\/wp-json\/wp\/v2\/types\/page"}],"author":[{"embeddable":true,"href":"https:\/\/www.arde.fr\/index.php\/wp-json\/wp\/v2\/users\/1"}],"replies":[{"embeddable":true,"href":"https:\/\/www.arde.fr\/index.php\/wp-json\/wp\/v2\/comments?post=531"}],"version-history":[{"count":22,"href":"https:\/\/www.arde.fr\/index.php\/wp-json\/wp\/v2\/pages\/531\/revisions"}],"predecessor-version":[{"id":1027,"href":"https:\/\/www.arde.fr\/index.php\/wp-json\/wp\/v2\/pages\/531\/revisions\/1027"}],"wp:attachment":[{"href":"https:\/\/www.arde.fr\/index.php\/wp-json\/wp\/v2\/media?parent=531"}],"curies":[{"name":"wp","href":"https:\/\/api.w.org\/{rel}","templated":true}]}}